{"id":279,"date":"2025-02-25T12:16:16","date_gmt":"2025-02-25T12:16:16","guid":{"rendered":"https:\/\/www.etnografic-campos.com\/?page_id=279"},"modified":"2025-03-27T09:52:00","modified_gmt":"2025-03-27T09:52:00","slug":"inici","status":"publish","type":"page","link":"https:\/\/www.etnografic-campos.com\/es\/","title":{"rendered":"Inicio"},"content":{"rendered":"","protected":false},"excerpt":{"rendered":"","protected":false},"author":5,"featured_media":0,"parent":0,"menu_order":0,"comment_status":"closed","ping_status":"open","template":"page-templates\/home.php","meta":{"_acf_changed":false,"footnotes":""},"class_list":["post-279","page","type-page","status-publish","hentry"],"acf":[],"yoast_head":"<!-- This site is optimized with the Yoast SEO plugin v27.3 - https:\/\/yoast.com\/product\/yoast-seo-wordpress\/ -->\n<title>Inicio - Etnogr\u00e0fic Campos - Descubre la mayor colecci\u00f3n etnogr\u00e1fica de Mallorca.<\/title>\n<meta name=\"description\" content=\"Visita Etnogr\u00e0fic Campos y conoce c\u00f3mo vivieron, trabajaron y conservaron sus tradiciones nuestros antepasados en la Isla.\" \/>\n<meta name=\"robots\" content=\"index, follow, max-snippet:-1, max-image-preview:large, max-video-preview:-1\" \/>\n<link rel=\"canonical\" href=\"https:\/\/www.etnografic-campos.com\/es\/\" \/>\n<meta property=\"og:locale\" content=\"es_ES\" \/>\n<meta property=\"og:type\" content=\"article\" \/>\n<meta property=\"og:title\" content=\"Etnogr\u00e0fic Campos - Descubre la mayor colecci\u00f3n etnogr\u00e1fica de Mallorca.\" \/>\n<meta property=\"og:description\" content=\"Visita Etnogr\u00e0fic Campos y conoce c\u00f3mo vivieron, trabajaron y conservaron sus tradiciones nuestros antepasados en la Isla.\" \/>\n<meta property=\"og:url\" content=\"https:\/\/www.etnografic-campos.com\/es\/\" \/>\n<meta property=\"og:site_name\" content=\"Etnogr\u00e0fic Campos\" \/>\n<meta property=\"article:modified_time\" content=\"2025-03-27T09:52:00+00:00\" \/>\n<meta property=\"og:image\" content=\"https:\/\/www.etnografic-campos.com\/wp-content\/uploads\/2025\/03\/detalls-del-etnografic-campos.jpg\" \/>\n\t<meta property=\"og:image:width\" content=\"1200\" \/>\n\t<meta property=\"og:image:height\" content=\"675\" \/>\n\t<meta property=\"og:image:type\" content=\"image\/jpeg\" \/>\n<meta name=\"twitter:card\" content=\"summary_large_image\" \/>\n<script type=\"application\/ld+json\" class=\"yoast-schema-graph\">{\"@context\":\"https:\\\/\\\/schema.org\",\"@graph\":[{\"@type\":\"WebPage\",\"@id\":\"https:\\\/\\\/www.etnografic-campos.com\\\/es\\\/\",\"url\":\"https:\\\/\\\/www.etnografic-campos.com\\\/es\\\/\",\"name\":\"Inicio - Etnogr\u00e0fic Campos - Descubre la mayor colecci\u00f3n etnogr\u00e1fica de Mallorca.\",\"isPartOf\":{\"@id\":\"https:\\\/\\\/www.etnografic-campos.com\\\/#website\"},\"datePublished\":\"2025-02-25T12:16:16+00:00\",\"dateModified\":\"2025-03-27T09:52:00+00:00\",\"description\":\"Visita Etnogr\u00e0fic Campos y conoce c\u00f3mo vivieron, trabajaron y conservaron sus tradiciones nuestros antepasados en la Isla.\",\"breadcrumb\":{\"@id\":\"https:\\\/\\\/www.etnografic-campos.com\\\/es\\\/#breadcrumb\"},\"inLanguage\":\"es\",\"potentialAction\":[{\"@type\":\"ReadAction\",\"target\":[\"https:\\\/\\\/www.etnografic-campos.com\\\/es\\\/\"]}]},{\"@type\":\"BreadcrumbList\",\"@id\":\"https:\\\/\\\/www.etnografic-campos.com\\\/es\\\/#breadcrumb\",\"itemListElement\":[{\"@type\":\"ListItem\",\"position\":1,\"name\":\"Inici\",\"item\":\"https:\\\/\\\/www.etnografic-campos.com\\\/es\\\/\"},{\"@type\":\"ListItem\",\"position\":2,\"name\":\"Inicio\"}]},{\"@type\":\"WebSite\",\"@id\":\"https:\\\/\\\/www.etnografic-campos.com\\\/#website\",\"url\":\"https:\\\/\\\/www.etnografic-campos.com\\\/\",\"name\":\"Etnogr\u00e0fic Campos\",\"description\":\"Un viatge a l&#039;ess\u00e8ncia de Mallorca a trav\u00e9s dels seus objectes i tradicions\",\"publisher\":{\"@id\":\"https:\\\/\\\/www.etnografic-campos.com\\\/#organization\"},\"alternateName\":\"Etnogr\u00e0fic Campos\",\"potentialAction\":[{\"@type\":\"SearchAction\",\"target\":{\"@type\":\"EntryPoint\",\"urlTemplate\":\"https:\\\/\\\/www.etnografic-campos.com\\\/?s={search_term_string}\"},\"query-input\":{\"@type\":\"PropertyValueSpecification\",\"valueRequired\":true,\"valueName\":\"search_term_string\"}}],\"inLanguage\":\"es\"},{\"@type\":\"Organization\",\"@id\":\"https:\\\/\\\/www.etnografic-campos.com\\\/#organization\",\"name\":\"Etnogr\u00e0fic Campos\",\"url\":\"https:\\\/\\\/www.etnografic-campos.com\\\/\",\"logo\":{\"@type\":\"ImageObject\",\"inLanguage\":\"es\",\"@id\":\"https:\\\/\\\/www.etnografic-campos.com\\\/#\\\/schema\\\/logo\\\/image\\\/\",\"url\":\"https:\\\/\\\/www.etnografic-campos.com\\\/wp-content\\\/uploads\\\/2025\\\/03\\\/etnografic-campos.jpeg\",\"contentUrl\":\"https:\\\/\\\/www.etnografic-campos.com\\\/wp-content\\\/uploads\\\/2025\\\/03\\\/etnografic-campos.jpeg\",\"width\":800,\"height\":403,\"caption\":\"Etnogr\u00e0fic Campos\"},\"image\":{\"@id\":\"https:\\\/\\\/www.etnografic-campos.com\\\/#\\\/schema\\\/logo\\\/image\\\/\"}}]}<\/script>\n<!-- \/ Yoast SEO plugin. -->","yoast_head_json":{"title":"Inicio - Etnogr\u00e0fic Campos - Descubre la mayor colecci\u00f3n etnogr\u00e1fica de Mallorca.","description":"Visita Etnogr\u00e0fic Campos y conoce c\u00f3mo vivieron, trabajaron y conservaron sus tradiciones nuestros antepasados en la Isla.","robots":{"index":"index","follow":"follow","max-snippet":"max-snippet:-1","max-image-preview":"max-image-preview:large","max-video-preview":"max-video-preview:-1"},"canonical":"https:\/\/www.etnografic-campos.com\/es\/","og_locale":"es_ES","og_type":"article","og_title":"Etnogr\u00e0fic Campos - Descubre la mayor colecci\u00f3n etnogr\u00e1fica de Mallorca.","og_description":"Visita Etnogr\u00e0fic Campos y conoce c\u00f3mo vivieron, trabajaron y conservaron sus tradiciones nuestros antepasados en la Isla.","og_url":"https:\/\/www.etnografic-campos.com\/es\/","og_site_name":"Etnogr\u00e0fic Campos","article_modified_time":"2025-03-27T09:52:00+00:00","og_image":[{"width":1200,"height":675,"url":"https:\/\/www.etnografic-campos.com\/wp-content\/uploads\/2025\/03\/detalls-del-etnografic-campos.jpg","type":"image\/jpeg"}],"twitter_card":"summary_large_image","schema":{"@context":"https:\/\/schema.org","@graph":[{"@type":"WebPage","@id":"https:\/\/www.etnografic-campos.com\/es\/","url":"https:\/\/www.etnografic-campos.com\/es\/","name":"Inicio - Etnogr\u00e0fic Campos - Descubre la mayor colecci\u00f3n etnogr\u00e1fica de Mallorca.","isPartOf":{"@id":"https:\/\/www.etnografic-campos.com\/#website"},"datePublished":"2025-02-25T12:16:16+00:00","dateModified":"2025-03-27T09:52:00+00:00","description":"Visita Etnogr\u00e0fic Campos y conoce c\u00f3mo vivieron, trabajaron y conservaron sus tradiciones nuestros antepasados en la Isla.","breadcrumb":{"@id":"https:\/\/www.etnografic-campos.com\/es\/#breadcrumb"},"inLanguage":"es","potentialAction":[{"@type":"ReadAction","target":["https:\/\/www.etnografic-campos.com\/es\/"]}]},{"@type":"BreadcrumbList","@id":"https:\/\/www.etnografic-campos.com\/es\/#breadcrumb","itemListElement":[{"@type":"ListItem","position":1,"name":"Inici","item":"https:\/\/www.etnografic-campos.com\/es\/"},{"@type":"ListItem","position":2,"name":"Inicio"}]},{"@type":"WebSite","@id":"https:\/\/www.etnografic-campos.com\/#website","url":"https:\/\/www.etnografic-campos.com\/","name":"Etnogr\u00e0fic Campos","description":"Un viatge a l&#039;ess\u00e8ncia de Mallorca a trav\u00e9s dels seus objectes i tradicions","publisher":{"@id":"https:\/\/www.etnografic-campos.com\/#organization"},"alternateName":"Etnogr\u00e0fic Campos","potentialAction":[{"@type":"SearchAction","target":{"@type":"EntryPoint","urlTemplate":"https:\/\/www.etnografic-campos.com\/?s={search_term_string}"},"query-input":{"@type":"PropertyValueSpecification","valueRequired":true,"valueName":"search_term_string"}}],"inLanguage":"es"},{"@type":"Organization","@id":"https:\/\/www.etnografic-campos.com\/#organization","name":"Etnogr\u00e0fic Campos","url":"https:\/\/www.etnografic-campos.com\/","logo":{"@type":"ImageObject","inLanguage":"es","@id":"https:\/\/www.etnografic-campos.com\/#\/schema\/logo\/image\/","url":"https:\/\/www.etnografic-campos.com\/wp-content\/uploads\/2025\/03\/etnografic-campos.jpeg","contentUrl":"https:\/\/www.etnografic-campos.com\/wp-content\/uploads\/2025\/03\/etnografic-campos.jpeg","width":800,"height":403,"caption":"Etnogr\u00e0fic Campos"},"image":{"@id":"https:\/\/www.etnografic-campos.com\/#\/schema\/logo\/image\/"}}]}},"_links":{"self":[{"href":"https:\/\/www.etnografic-campos.com\/es\/wp-json\/wp\/v2\/pages\/279","targetHints":{"allow":["GET"]}}],"collection":[{"href":"https:\/\/www.etnografic-campos.com\/es\/wp-json\/wp\/v2\/pages"}],"about":[{"href":"https:\/\/www.etnografic-campos.com\/es\/wp-json\/wp\/v2\/types\/page"}],"author":[{"embeddable":true,"href":"https:\/\/www.etnografic-campos.com\/es\/wp-json\/wp\/v2\/users\/5"}],"replies":[{"embeddable":true,"href":"https:\/\/www.etnografic-campos.com\/es\/wp-json\/wp\/v2\/comments?post=279"}],"version-history":[{"count":6,"href":"https:\/\/www.etnografic-campos.com\/es\/wp-json\/wp\/v2\/pages\/279\/revisions"}],"predecessor-version":[{"id":378,"href":"https:\/\/www.etnografic-campos.com\/es\/wp-json\/wp\/v2\/pages\/279\/revisions\/378"}],"wp:attachment":[{"href":"https:\/\/www.etnografic-campos.com\/es\/wp-json\/wp\/v2\/media?parent=279"}],"curies":[{"name":"wp","href":"https:\/\/api.w.org\/{rel}","templated":true}]}}